{"id":1638,"date":"2024-08-01T13:45:40","date_gmt":"2024-08-01T13:45:40","guid":{"rendered":"https:\/\/wolfram.md\/?post_type=product&#038;p=1638"},"modified":"2025-01-29T12:30:03","modified_gmt":"2025-01-29T12:30:03","slug":"eglo-copiaza","status":"publish","type":"product","link":"https:\/\/wolfram.md\/ru\/product\/eglo-copiaza\/","title":{"rendered":"Eichholtz"},"content":{"rendered":"<div style=\"max-width: 1250px; margin: auto; padding: 20px; border: 1px solid #ccc; border-radius: 10px; box-shadow: 0 0 10px rgba(0, 0, 0, 0.1);\">\n<h2>Eichholtz<\/h2>\n<p>\u0427\u0442\u043e \u043c\u043e\u0436\u0435\u0442 \u043f\u0440\u0435\u0434\u043b\u043e\u0436\u0438\u0442\u044c Eichholtz?<br \/>\n\u0412 \u044d\u0442\u043e\u043c \u0440\u0430\u0437\u0434\u0435\u043b\u0435 Eichholtz \u043f\u0440\u0435\u0434\u0441\u0442\u0430\u0432\u043b\u044f\u0435\u0442 \u044d\u043a\u0441\u043a\u043b\u044e\u0437\u0438\u0432\u043d\u044b\u0439 \u0430\u0441\u0441\u043e\u0440\u0442\u0438\u043c\u0435\u043d\u0442 \u043c\u0435\u0431\u0435\u043b\u0438 \u0438 \u0430\u043a\u0441\u0435\u0441\u0441\u0443\u0430\u0440\u043e\u0432 \u043a\u043b\u0430\u0441\u0441\u0430 \u043b\u044e\u043a\u0441, \u0441\u043e\u0437\u0434\u0430\u043d\u043d\u044b\u0445 \u0434\u043b\u044f \u0443\u043b\u0443\u0447\u0448\u0435\u043d\u0438\u044f \u044d\u0441\u0442\u0435\u0442\u0438\u043a\u0438 \u0438 \u0444\u0443\u043d\u043a\u0446\u0438\u043e\u043d\u0430\u043b\u044c\u043d\u043e\u0441\u0442\u0438 \u043b\u044e\u0431\u043e\u0433\u043e \u043f\u0440\u043e\u0441\u0442\u0440\u0430\u043d\u0441\u0442\u0432\u0430. \u0421 \u0431\u043e\u043b\u0435\u0435 \u0447\u0435\u043c 10 000 \u0440\u0435\u0430\u043b\u0438\u0437\u043e\u0432\u0430\u043d\u043d\u044b\u0445 \u043f\u0440\u043e\u0435\u043a\u0442\u043e\u0432 \u0432 \u0433\u043e\u0441\u0442\u0438\u043d\u0438\u0446\u0430\u0445, \u0440\u0435\u0441\u0442\u043e\u0440\u0430\u043d\u0430\u0445 \u0438 \u043c\u0430\u0433\u0430\u0437\u0438\u043d\u0430\u0445 \u043f\u043e \u0432\u0441\u0435\u043c\u0443 \u043c\u0438\u0440\u0443, Eichholtz \u0441\u043e\u0447\u0435\u0442\u0430\u0435\u0442 \u0438\u0437\u044b\u0441\u043a\u0430\u043d\u043d\u0443\u044e \u044d\u043b\u0435\u0433\u0430\u043d\u0442\u043d\u043e\u0441\u0442\u044c \u0441 \u0442\u043e\u043d\u043a\u043e\u0439 \u0441\u043e\u0432\u0440\u0435\u043c\u0435\u043d\u043d\u043e\u0441\u0442\u044c\u044e, \u0447\u0442\u043e\u0431\u044b \u0441\u043e\u0437\u0434\u0430\u0432\u0430\u0442\u044c \u0440\u043e\u0441\u043a\u043e\u0448\u043d\u044b\u0435 \u0438 \u0437\u0430\u0445\u0432\u0430\u0442\u044b\u0432\u0430\u044e\u0449\u0438\u0435 \u0441\u0440\u0435\u0434\u044b. \u041d\u0430\u0448\u0430 \u043d\u043e\u0432\u0430\u044f \u043a\u043e\u043b\u043b\u0435\u043a\u0446\u0438\u044f \u0432\u043a\u043b\u044e\u0447\u0430\u0435\u0442 \u0432 \u0441\u0435\u0431\u044f \u0441\u043e\u0432\u0440\u0435\u043c\u0435\u043d\u043d\u044b\u0435 \u0434\u0438\u0432\u0430\u043d\u044b, \u0431\u043e\u043b\u044c\u0448\u0438\u0435 \u043b\u0430\u043c\u043f\u044b \u0438 \u0430\u043a\u0441\u0435\u0441\u0441\u0443\u0430\u0440\u044b \u0441 \u0442\u0435\u043a\u0441\u0442\u0443\u0440\u0438\u0440\u043e\u0432\u0430\u043d\u043d\u044b\u043c\u0438 \u043e\u0442\u0434\u0435\u043b\u043a\u0430\u043c\u0438 \u0438 \u0443\u043d\u0438\u043a\u0430\u043b\u044c\u043d\u044b\u043c\u0438 \u043c\u0430\u0442\u0435\u0440\u0438\u0430\u043b\u0430\u043c\u0438, \u0442\u0430\u043a\u0438\u043c\u0438 \u043a\u0430\u043a \u0431\u043e\u0433\u0430\u0442\u044b\u0435 \u0432\u0435\u043b\u044e\u0440\u044b \u0438 \u0441\u043e\u0441\u0442\u0430\u0440\u0435\u043d\u043d\u044b\u0435 \u043c\u0435\u0442\u0430\u043b\u043b\u044b. \u0426\u0432\u0435\u0442\u0430 \u0441\u0435\u0437\u043e\u043d\u0430, \u0442\u0430\u043a\u0438\u0435 \u043a\u0430\u043a \u0440\u0443\u0431\u0438\u043d\u043e\u0432\u044b\u0439 \u043a\u0440\u0430\u0441\u043d\u044b\u0439 \u0438 \u0431\u043e\u0440\u0434\u043e\u0432\u044b\u0439, \u043f\u0440\u0435\u043a\u0440\u0430\u0441\u043d\u043e \u0434\u043e\u043f\u043e\u043b\u043d\u044f\u044e\u0442 \u043d\u0435\u0439\u0442\u0440\u0430\u043b\u044c\u043d\u044b\u0435 \u0431\u0430\u0437\u043e\u0432\u044b\u0435 \u043e\u0442\u0442\u0435\u043d\u043a\u0438, \u043f\u0440\u0435\u0434\u043b\u0430\u0433\u0430\u044f \u0440\u0430\u0437\u043d\u043e\u043e\u0431\u0440\u0430\u0437\u043d\u044b\u0435 \u0432\u0430\u0440\u0438\u0430\u043d\u0442\u044b \u0434\u043b\u044f \u0432\u0430\u0448\u0438\u0445 \u043f\u0440\u043e\u0435\u043a\u0442\u043e\u0432. \u041e\u0442\u043a\u0440\u043e\u0439\u0442\u0435 \u0434\u043b\u044f \u0441\u0435\u0431\u044f \u044d\u043b\u0435\u0433\u0430\u043d\u0442\u043d\u043e\u0441\u0442\u044c \u0438 \u0443\u0442\u043e\u043d\u0447\u0435\u043d\u043d\u043e\u0441\u0442\u044c \u0432 \u043a\u0430\u0436\u0434\u043e\u0439 \u0434\u0435\u0442\u0430\u043b\u0438 \u043d\u0430\u0448\u0438\u0445 \u043a\u043e\u043b\u043b\u0435\u043a\u0446\u0438\u0439.<\/p>\n<\/div>\n<p style=\"margin-top: 10px; margin-bottom: 10px;\">Descarc\u0103 cataloagele Eichholtz:<\/p>\n<div style=\"max-width: 1250px; margin: auto; padding: 20px; border: 1px solid #ccc; border-radius: 10px; box-shadow: 0 0 10px rgba(0, 0, 0, 0.1);\">\n<div class=\"button-container\">\n<div style=\"display: flex; flex-wrap: wrap; gap: 10px; margin-top: 20px;\"><a class=\"button\" style=\"width: auto; padding: 10px 20px; font-size: 16px; color: #fff; background-color: #000; text-decoration: none; border-radius: 5px; align-items: center; justify-content: center; box-sizing: border-box; display: flex;\" href=\"https:\/\/wolfram.md\/wp-content\/uploads\/2024\/08\/The_Met-Eichholtz_Collection_Booklet_Digital.pdf\" target=\"_blank\" rel=\"noopener\"><br \/>\n<i class=\"fa-regular fa-file-pdf\"><\/i> The Met x Eichholtz Collection<br \/>\n<\/a><br \/>\n<a class=\"button\" style=\"width: auto; padding: 10px 20px; font-size: 16px; color: #fff; background-color: #000; text-decoration: none; border-radius: 5px; align-items: center; justify-content: center; box-sizing: border-box; display: flex;\" href=\"https:\/\/wolfram.md\/wp-content\/uploads\/2024\/08\/Eichholtz_Outdoor_Booklet_2021.pdf\" target=\"_blank\" rel=\"noopener\"><br \/>\n<i class=\"fa-regular fa-file-pdf\"><\/i> Outdoor booklet 2021<br \/>\n<\/a><br \/>\n<a class=\"button\" style=\"width: auto; padding: 10px 20px; font-size: 16px; color: #fff; background-color: #000; text-decoration: none; border-radius: 5px; align-items: center; justify-content: center; box-sizing: border-box; display: flex;\" href=\"https:\/\/wolfram.md\/wp-content\/uploads\/2024\/08\/Eichholtz_Magine2023_JAN_Lookbook_DEF_spread.pdf\" target=\"_blank\" rel=\"noopener\"><br \/>\n<i class=\"fa-regular fa-file-pdf\"><\/i> New Collection 2023<br \/>\n<\/a><br \/>\n<a class=\"button\" style=\"width: auto; padding: 10px 20px; font-size: 16px; color: #fff; background-color: #000; text-decoration: none; border-radius: 5px; align-items: center; justify-content: center; box-sizing: border-box; display: flex;\" href=\"https:\/\/wolfram.md\/wp-content\/uploads\/2024\/08\/Eichholtz_Magazine2023_JAN_Product-Book_Digital_DEF_Spread.pdf\" target=\"_blank\" rel=\"noopener\"><br \/>\n<i class=\"fa-regular fa-file-pdf\"><\/i> Product Catalogue 2023\/2024<br \/>\n<\/a><br \/>\n<a class=\"button\" style=\"width: auto; padding: 10px 20px; font-size: 16px; color: #fff; background-color: #000; text-decoration: none; border-radius: 5px; align-items: center; justify-content: center; box-sizing: border-box; display: flex;\" href=\"https:\/\/wolfram.md\/wp-content\/uploads\/2024\/08\/30th-Anniversary-Collection-2022.pdf\" target=\"_blank\" rel=\"noopener\"><br \/>\n<i class=\"fa-regular fa-file-pdf\"><\/i> 30th Anniversary Collection 2022<br \/>\n<\/a><br \/>\n<a class=\"button\" style=\"width: auto; padding: 10px 20px; font-size: 16px; color: #fff; background-color: #000; text-decoration: none; border-radius: 5px; align-items: center; justify-content: center; box-sizing: border-box; display: flex;\" href=\"https:\/\/wolfram.md\/wp-content\/uploads\/2024\/08\/Eichholtz_Magine2022_SpringSummer.pdf\" target=\"_blank\" rel=\"noopener\"><br \/>\n<i class=\"fa-regular fa-file-pdf\"><\/i> Spring \/ Summer Collection &#8211; 2022<\/a><\/div>\n<\/div>\n<\/div>","protected":false},"excerpt":{"rendered":"<h4><strong>\u041e\u0441\u043d\u043e\u0432\u0430\u043d\u043d\u0430\u044f \u0432 1992 \u0433\u043e\u0434\u0443, Eichholtz \u0431\u044b\u043b\u0430 \u0441\u043e\u0437\u0434\u0430\u043d\u0430 \u0441 \u0446\u0435\u043b\u044c\u044e \u043f\u0440\u0438\u0432\u043d\u0435\u0441\u0442\u0438 \u0441\u0430\u043c\u044b\u0435 \u0438\u0437\u044b\u0441\u043a\u0430\u043d\u043d\u044b\u0435 \u0430\u043a\u0441\u0435\u0441\u0441\u0443\u0430\u0440\u044b \u0438 \u043c\u0435\u0431\u0435\u043b\u044c \u0438\u0437 \u0410\u0437\u0438\u0438 \u0432 \u0415\u0432\u0440\u043e\u043f\u0443.<\/strong><\/h4>\n<p>Ambi\u021bia noastr\u0103 este s\u0103 oferim o colec\u021bie de produse elegante \u0219i rafinate pentru pia\u021ba interioarelor, colabor\u00e2nd cu produc\u0103tori de top la nivel global. Cu aproape 4000 de designuri \u0219i lans\u00e2nd p\u00e2n\u0103 la 600 de produse noi anual, Eichholtz aduce o abordare subtil\u0103 \u0219i modern\u0103 asupra tipologiilor clasice. Ne concentr\u0103m pe inova\u021bie \u0219i excelen\u021b\u0103 \u00een serviciu, asigur\u00e2nd disponibilitatea stocurilor noastre interna\u021bionale \u0219i sprijinind partenerii \u0219i colaboratorii din \u00eentreaga lume. Particip\u0103m regulat la cele mai prestigioase t\u00e2rguri de design, cum ar fi Maison &amp; Objet \u00een Paris \u0219i Salone del Mobile \u00een Milano, pentru a prezenta stilul de via\u021b\u0103 Eichholtz.<\/p>","protected":false},"featured_media":1639,"template":"","meta":{"_gspb_post_css":""},"product_cat":[24],"product_tag":[],"product_brands":[],"class_list":{"0":"post-1638","1":"product","2":"type-product","3":"status-publish","4":"has-post-thumbnail","6":"product_cat-decor","8":"first","9":"instock","10":"shipping-taxable","11":"product-type-simple"},"_links":{"self":[{"href":"https:\/\/wolfram.md\/ru\/wp-json\/wp\/v2\/product\/1638","targetHints":{"allow":["GET"]}}],"collection":[{"href":"https:\/\/wolfram.md\/ru\/wp-json\/wp\/v2\/product"}],"about":[{"href":"https:\/\/wolfram.md\/ru\/wp-json\/wp\/v2\/types\/product"}],"wp:featuredmedia":[{"embeddable":true,"href":"https:\/\/wolfram.md\/ru\/wp-json\/wp\/v2\/media\/1639"}],"wp:attachment":[{"href":"https:\/\/wolfram.md\/ru\/wp-json\/wp\/v2\/media?parent=1638"}],"wp:term":[{"taxonomy":"product_cat","embeddable":true,"href":"https:\/\/wolfram.md\/ru\/wp-json\/wp\/v2\/product_cat?post=1638"},{"taxonomy":"product_tag","embeddable":true,"href":"https:\/\/wolfram.md\/ru\/wp-json\/wp\/v2\/product_tag?post=1638"},{"taxonomy":"product_brands","embeddable":true,"href":"https:\/\/wolfram.md\/ru\/wp-json\/wp\/v2\/product_brands?post=1638"}],"curies":[{"name":"wp","href":"https:\/\/api.w.org\/{rel}","templated":true}]}}