{"id":2233,"date":"2024-08-26T09:50:42","date_gmt":"2024-08-26T09:50:42","guid":{"rendered":"https:\/\/wolfram.md\/?post_type=product&#038;p=2233"},"modified":"2025-01-29T13:45:04","modified_gmt":"2025-01-29T13:45:04","slug":"tossb","status":"publish","type":"product","link":"https:\/\/wolfram.md\/ru\/product\/tossb\/","title":{"rendered":"TossB"},"content":{"rendered":"<div style=\"max-width: 1250px; margin: auto; padding: 20px; border: 1px solid #ccc; border-radius: 10px; box-shadow: 0 0 10px rgba(0, 0, 0, 0.1);\">\n<h2>TossB<\/h2>\n<p>Produsele tossB sunt concepute av\u00e2nd \u00een vedere importan\u021ba fundamental\u0103 a luminii \u00een via\u021ba de zi cu zi. Fiecare corp de iluminat este g\u00e2ndit pentru a spori bun\u0103starea utilizatorilor, oferind o atmosfer\u0103 care \u00eembin\u0103 func\u021bionalitatea cu confortul vizual. Printr-o aten\u021bie deosebit\u0103 la detalii \u0219i o fabrica\u021bie meticuloas\u0103, tossB asigur\u0103 c\u0103 fiecare produs este nu doar estetic pl\u0103cut, ci \u0219i extrem de durabil. Aceste lumini sunt create pentru a rezista \u00een timp, men\u021bin\u00e2ndu-\u0219i relevan\u021ba \u0219i frumuse\u021bea chiar \u0219i \u00een fa\u021ba tendin\u021belor trec\u0103toare. Fiecare pies\u0103 tossB \u00eembin\u0103 perfect forma cu func\u021bia. Caracteristicile tehnice avansate ale produselor garanteaz\u0103 performan\u021be optime, asigur\u00e2nd o iluminare eficient\u0103 \u0219i adaptat\u0103 nevoilor specifice ale fiec\u0103rui spa\u021biu.<\/p>\n<\/div>\n<p style=\"margin-top: 10px; margin-bottom: 10px;\">Descarc\u0103 cataloagele TossB:<\/p>\n<div style=\"max-width: 1250px; margin: auto; padding: 20px; border: 1px solid #ccc; border-radius: 10px; box-shadow: 0 0 10px rgba(0, 0, 0, 0.1);\">\n<div class=\"button-container\"><a class=\"button\" style=\"width: auto; padding: 10px 20px; font-size: 16px; color: #fff; background-color: #000; text-decoration: none; border-radius: 5px; align-items: center; justify-content: center; box-sizing: border-box; display: flex;\" href=\"https:\/\/wolfram.md\/wp-content\/uploads\/2024\/08\/tossB-Catalogue.pdf\" target=\"_blank\" rel=\"noopener\"><br \/>\n<i class=\"fa-regular fa-file-pdf\"><\/i> Catalogue TossB<\/a><\/div>\n<\/div>","protected":false},"excerpt":{"rendered":"<h4><strong>TossB \u2014 \u044d\u0442\u043e \u043a\u043e\u043c\u043f\u0430\u043d\u0438\u044f, \u0437\u0430\u043d\u0438\u043c\u0430\u044e\u0449\u0430\u044f\u0441\u044f \u0434\u0438\u0437\u0430\u0439\u043d\u043e\u043c \u043e\u0441\u0432\u0435\u0449\u0435\u043d\u0438\u044f<\/strong><\/h4>\n<p>\u043a\u043e\u0442\u043e\u0440\u0430\u044f \u0443\u0434\u0435\u043b\u044f\u0435\u0442 \u043e\u0441\u043e\u0431\u043e\u0435 \u0432\u043d\u0438\u043c\u0430\u043d\u0438\u0435 \u0443\u043d\u0438\u043a\u0430\u043b\u044c\u043d\u043e\u0439 \u0440\u043e\u043b\u0438 \u0441\u0432\u0435\u0442\u0430 \u0432 \u043d\u0430\u0448\u0435\u0439 \u0436\u0438\u0437\u043d\u0438 \u0438 \u0435\u0433\u043e \u0432\u043b\u0438\u044f\u043d\u0438\u044e \u043d\u0430 \u043d\u0430\u0448\u0435 \u0431\u043b\u0430\u0433\u043e\u043f\u043e\u043b\u0443\u0447\u0438\u0435. \u0412 \u043f\u0440\u043e\u0446\u0435\u0441\u0441\u0435 \u0441\u043e\u0437\u0434\u0430\u043d\u0438\u044f \u043a\u0430\u0436\u0434\u043e\u0433\u043e \u043e\u0441\u0432\u0435\u0442\u0438\u0442\u0435\u043b\u044c\u043d\u043e\u0433\u043e \u043f\u0440\u0438\u0431\u043e\u0440\u0430 \u0442\u0449\u0430\u0442\u0435\u043b\u044c\u043d\u043e \u0443\u0447\u0438\u0442\u044b\u0432\u0430\u044e\u0442\u0441\u044f \u0434\u0435\u0442\u0430\u043b\u0438, \u0432\u043a\u043b\u044e\u0447\u0430\u044f \u043d\u0435 \u0442\u043e\u043b\u044c\u043a\u043e \u0444\u0443\u043d\u043a\u0446\u0438\u043e\u043d\u0430\u043b\u044c\u043d\u044b\u0435 \u0438 \u0442\u0435\u0445\u043d\u0438\u0447\u0435\u0441\u043a\u0438\u0435 \u0430\u0441\u043f\u0435\u043a\u0442\u044b, \u043d\u043e \u0438 \u0442\u0435 \u0442\u043e\u043d\u043a\u0438\u0435 \u0438 \u043d\u0435\u0443\u043b\u043e\u0432\u0438\u043c\u044b\u0435 \u044d\u043b\u0435\u043c\u0435\u043d\u0442\u044b, \u043a\u043e\u0442\u043e\u0440\u044b\u0435 \u0441\u043f\u043e\u0441\u043e\u0431\u0441\u0442\u0432\u0443\u044e\u0442 \u043e\u0431\u0449\u0435\u043c\u0443 \u0432\u043e\u0441\u043f\u0440\u0438\u044f\u0442\u0438\u044e. \u041a\u0430\u0436\u0434\u043e\u0435 \u0438\u0437\u0434\u0435\u043b\u0438\u0435 TossB \u2014 \u044d\u0442\u043e \u0440\u0435\u0437\u0443\u043b\u044c\u0442\u0430\u0442 \u043a\u0440\u043e\u043f\u043e\u0442\u043b\u0438\u0432\u043e\u0433\u043e \u043f\u0440\u043e\u0438\u0437\u0432\u043e\u0434\u0441\u0442\u0432\u0435\u043d\u043d\u043e\u0433\u043e \u0438 \u0434\u0438\u0437\u0430\u0439\u043d\u0435\u0440\u0441\u043a\u043e\u0433\u043e \u043f\u0440\u043e\u0446\u0435\u0441\u0441\u0430, \u043e\u0431\u0435\u0441\u043f\u0435\u0447\u0438\u0432\u0430\u044e\u0449\u0438\u0439 \u0441\u043e\u0437\u0434\u0430\u043d\u0438\u0435 \u0432\u0435\u0447\u043d\u043e\u0433\u043e \u0438 \u0434\u043e\u043b\u0433\u043e\u0432\u0435\u0447\u043d\u043e\u0433\u043e \u043f\u0440\u043e\u0434\u0443\u043a\u0442\u0430, \u043a\u043e\u0442\u043e\u0440\u044b\u0439 \u043e\u0431\u043e\u0433\u0430\u0449\u0430\u0435\u0442 \u043f\u0440\u043e\u0441\u0442\u0440\u0430\u043d\u0441\u0442\u0432\u043e \u0438 \u0443\u043b\u0443\u0447\u0448\u0430\u0435\u0442 \u043a\u0430\u0447\u0435\u0441\u0442\u0432\u043e \u0436\u0438\u0437\u043d\u0438 \u043f\u043e\u043b\u044c\u0437\u043e\u0432\u0430\u0442\u0435\u043b\u0435\u0439.<\/p>","protected":false},"featured_media":2243,"template":"","meta":{"_gspb_post_css":""},"product_cat":[24],"product_tag":[],"product_brands":[],"class_list":{"0":"post-2233","1":"product","2":"type-product","3":"status-publish","4":"has-post-thumbnail","6":"product_cat-decor","8":"first","9":"instock","10":"shipping-taxable","11":"product-type-simple"},"_links":{"self":[{"href":"https:\/\/wolfram.md\/ru\/wp-json\/wp\/v2\/product\/2233","targetHints":{"allow":["GET"]}}],"collection":[{"href":"https:\/\/wolfram.md\/ru\/wp-json\/wp\/v2\/product"}],"about":[{"href":"https:\/\/wolfram.md\/ru\/wp-json\/wp\/v2\/types\/product"}],"wp:featuredmedia":[{"embeddable":true,"href":"https:\/\/wolfram.md\/ru\/wp-json\/wp\/v2\/media\/2243"}],"wp:attachment":[{"href":"https:\/\/wolfram.md\/ru\/wp-json\/wp\/v2\/media?parent=2233"}],"wp:term":[{"taxonomy":"product_cat","embeddable":true,"href":"https:\/\/wolfram.md\/ru\/wp-json\/wp\/v2\/product_cat?post=2233"},{"taxonomy":"product_tag","embeddable":true,"href":"https:\/\/wolfram.md\/ru\/wp-json\/wp\/v2\/product_tag?post=2233"},{"taxonomy":"product_brands","embeddable":true,"href":"https:\/\/wolfram.md\/ru\/wp-json\/wp\/v2\/product_brands?post=2233"}],"curies":[{"name":"wp","href":"https:\/\/api.w.org\/{rel}","templated":true}]}}